{"id":215,"date":"2026-01-13T09:43:12","date_gmt":"2026-01-13T08:43:12","guid":{"rendered":"https:\/\/lepetitblangy.fr\/?page_id=215"},"modified":"2026-01-21T18:05:01","modified_gmt":"2026-01-21T17:05:01","slug":"service-traiteur","status":"publish","type":"page","link":"https:\/\/lepetitblangy.fr\/index.php\/service-traiteur\/","title":{"rendered":"SERVICE TRAITEUR"},"content":{"rendered":"\n<p>Pour d\u00e9finir votre projet, commen\u00e7ons ici&#8230; En effet, le mot \u201cbuffet\u201d peut faire r\u00e9f\u00e9rence \u00e0 un \u00e9ventail de prestations assez diverses, aux modes op\u00e9ratoires diff\u00e9rents!<\/p>\n\n\n\n<p>Quels que soient vos besoins et votre budget, nous avons forc\u00e9ment une solution adapt\u00e9e \u00e0 vous proposer. Notre bar\u00e8me de prix varie en fonction des ressources mobilis\u00e9es pour pr\u00e9parer votre repas.<\/p>\n\n\n\n<p>La promesse que nous vous faisons, c\u2019est que vos invit\u00e9s mangent bien et \u00e0 sati\u00e9t\u00e9, peu importe la formule choisie.<\/p>\n\n\n\n<p><strong>Vous voulez une solution pro, efficace et sans effort ?<\/strong><\/p>\n\n\n\n<p>Optez pour notre buffet 100% finger food! Cette solution est la meilleure si vous n\u2018avez ni temps, ni \u00e9quipement, ni vaisselle. Parfait pour une pause d\u00e9jeuner professionnelle, ou pour un cocktail dinatoire. Concentrez-vous sur votre objectif de la journ\u00e9e, nous nous occupons du reste.<\/p>\n\n\n\n<p>Pas le temps de prendre une pause? Contactez-nous pour notre offre de plateau repas.<\/p>\n\n\n\n<p><strong>Vous voulez un buffet \u00e0 la fois simple, authentique et \u00e9l\u00e9gant?<\/strong><\/p>\n\n\n\n<p>Privil\u00e9giez nos BFF, nos Buffets Faciles et Flexibles! Les BFF se composent de huit \u00e0 dix \u00e9l\u00e9ments joliment pr\u00e9sent\u00e9s dans des bols et des barquettes en kraft \u00e0 r\u00e9partir sur table, et s\u2019articulent autour d\u2019un th\u00e8me. Chaque convive prend son assiette et compose son repas selon ses go\u00fbt. Si vous avez un micro-ondes, vous pouvez m\u00eame r\u00e9chauffer certains \u00e9l\u00e9ments du repas directement dans leur contenant!<\/p>\n\n\n\n<p>Alors, vous \u00eates plut\u00f4t festin indien, assortiment de mezz\u00e9s, ou buffet local et de saison?<\/p>\n\n\n\n<p><strong>Vous souhaitez nourrir beaucoup de monde, mais vous avez un budget serr\u00e9<\/strong>&#8230;<\/p>\n\n\n\n<p>D\u00e9couvrez nos repas pour 10 personnes sur plat \u00e0 r\u00f4tir, pr\u00eats \u00e0 enfourner. La meilleure fa\u00e7on de r\u00e9galer une assembl\u00e9e sans se ruiner. Attention cependant, vous aurez besoin d\u2019un four, deux torchons, des assiettes et des couverts, et un tout petit peu d\u2019huile de coude \ud83d\ude09<\/p>\n\n\n\n<p>Laissez-nous votre email et recevez imm\u00e9diatement le catalogue PDF.<\/p>\n\n\n<div class='fluentform ff-default fluentform_wrapper_3  ff_guten_block ff_guten_block-3 ffs_default_wrap'><form data-form_id=\"3\" id=\"fluentform_3\" class=\"frm-fluent-form fluent_form_3 ff-el-form-top ff_form_instance_3_1 ff-form-loading ffs_default\" data-form_instance=\"ff_form_instance_3_1\" method=\"POST\" ><fieldset  style=\"border: none!important;margin: 0!important;padding: 0!important;background-color: transparent!important;box-shadow: none!important;outline: none!important; min-inline-size: 100%;\">\n                    <legend class=\"ff_screen_reader_title\" style=\"display: block; margin: 0!important;padding: 0!important;height: 0!important;text-indent: -999999px;width: 0!important;overflow:hidden;\">Demande de catalogue PDF<\/legend><input type='hidden' name='__fluent_form_embded_post_id' value='215' \/><input type=\"hidden\" id=\"_fluentform_3_fluentformnonce\" name=\"_fluentform_3_fluentformnonce\" value=\"8f3148ccd8\" \/><input type=\"hidden\" name=\"_wp_http_referer\" value=\"\/index.php\/wp-json\/wp\/v2\/pages\/215\" \/><div data-type=\"name-element\" data-name=\"names\" class=\" ff-field_container ff-name-field-wrapper\" ><div class='ff-t-container'><div class='ff-t-cell '><div class='ff-el-group ff-el-form-top'><div class=\"ff-el-input--label ff-el-is-required asterisk-right\"><label for='ff_3_names_first_name_' id='label_ff_3_names_first_name_' >Pr\u00e9nom<\/label><\/div><div class='ff-el-input--content'><input type=\"text\" name=\"names[first_name]\" id=\"ff_3_names_first_name_\" class=\"ff-el-form-control\" placeholder=\"Saisissez votre pr\u00e9nom\" aria-invalid=\"false\" aria-required=true><\/div><\/div><\/div><\/div><\/div><div class='ff-el-group'><div class=\"ff-el-input--label ff-el-is-required asterisk-right\"><label for='ff_3_email' id='label_ff_3_email' aria-label=\"E-mail\">E-mail<\/label><\/div><div class='ff-el-input--content'><input type=\"email\" name=\"email\" id=\"ff_3_email\" class=\"ff-el-form-control\" placeholder=\"Email Address\" data-name=\"email\"  aria-invalid=\"false\" aria-required=true><\/div><\/div><div class='ff-el-group'><div class='ff-el-input--content'><div class='ff-el-form-check ff-el-form-check-'><label class='ff-el-form-check-label' for='checkbox_a37caaead9a6df7de8a3e3760d4d41a3'><input  type=\"checkbox\" name=\"checkbox[]\" data-name=\"checkbox\" class=\"ff-el-form-check-input ff-el-form-check-checkbox\" value=\"J&#039;accepte de recevoir le catalogue par email\"  id='checkbox_a37caaead9a6df7de8a3e3760d4d41a3' aria-label='J&#039;accepte de recevoir le catalogue par email' aria-invalid='false' aria-required=true> <span>J&rsquo;accepte de recevoir le catalogue par email<\/span><\/label><\/div><\/div><\/div><div class='ff-el-group ff-text-left ff_submit_btn_wrapper'><button type=\"submit\" class=\"ff-btn ff-btn-submit ff-btn-md ff_btn_style\"  aria-label=\"Recevoir le catalogue traiteur en PDF\">Recevoir le catalogue traiteur en PDF<\/button><\/div><\/fieldset><\/form><div id='fluentform_3_errors' class='ff-errors-in-stack ff_form_instance_3_1 ff-form-loading_errors ff_form_instance_3_1_errors'><\/div><\/div>            <script type=\"text\/javascript\">\n                window.fluent_form_ff_form_instance_3_1 = {\"id\":\"3\",\"settings\":{\"layout\":{\"labelPlacement\":\"top\",\"asteriskPlacement\":\"asterisk-right\",\"helpMessagePlacement\":\"with_label\",\"errorMessagePlacement\":\"inline\",\"cssClassName\":\"\"},\"restrictions\":{\"denyEmptySubmission\":{\"enabled\":false}}},\"form_instance\":\"ff_form_instance_3_1\",\"form_id_selector\":\"fluentform_3\",\"rules\":{\"names[first_name]\":{\"required\":{\"value\":true,\"message\":\"Ce champ est obligatoire\",\"global_message\":\"Ce champ est obligatoire\",\"global\":true}},\"names[middle_name]\":{\"required\":{\"value\":false,\"message\":\"Ce champ est obligatoire\",\"global_message\":\"Ce champ est obligatoire\",\"global\":true}},\"names[last_name]\":{\"required\":{\"value\":false,\"message\":\"Ce champ est obligatoire\",\"global_message\":\"Ce champ est obligatoire\",\"global\":true}},\"email\":{\"required\":{\"value\":true,\"message\":\"Ce champ est obligatoire\",\"global_message\":\"Ce champ est obligatoire\",\"global\":true},\"email\":{\"value\":true,\"message\":\"Ce champ doit contenir un e-mail valide\",\"global_message\":\"Ce champ doit contenir un e-mail valide\",\"global\":true}},\"checkbox\":{\"required\":{\"value\":true,\"message\":\"Ce champ est obligatoire\",\"global_message\":\"Ce champ est obligatoire\",\"global\":true}}},\"debounce_time\":300};\n                            <\/script>\n            \n\n\n<div class=\"wp-block-group\"><div class=\"wp-block-group__inner-container is-layout-constrained wp-block-group-is-layout-constrained\">\n<div class=\"wp-block-group\"><div class=\"wp-block-group__inner-container is-layout-constrained wp-block-group-is-layout-constrained\">\n<p><strong>Besoin d\u2019un devis personnalis\u00e9?<\/strong> Contactez-nous!<\/p>\n<\/div><\/div>\n<\/div><\/div>\n\n\n\n<p><\/p>\n","protected":false},"excerpt":{"rendered":"<p>Pour d\u00e9finir votre projet, commen\u00e7ons ici&#8230; En effet, le mot \u201cbuffet\u201d peut faire r\u00e9f\u00e9rence \u00e0 un \u00e9ventail de prestations assez diverses, aux modes op\u00e9ratoires diff\u00e9rents! Quels que soient vos besoins et votre budget, nous avons forc\u00e9ment une solution adapt\u00e9e \u00e0 vous proposer. Notre bar\u00e8me de prix varie en fonction des ressources mobilis\u00e9es pour pr\u00e9parer votre [&hellip;]<\/p>\n","protected":false},"author":1,"featured_media":0,"parent":0,"menu_order":0,"comment_status":"closed","ping_status":"closed","template":"","meta":{"footnotes":""},"class_list":["post-215","page","type-page","status-publish","hentry"],"_links":{"self":[{"href":"https:\/\/lepetitblangy.fr\/index.php\/wp-json\/wp\/v2\/pages\/215","targetHints":{"allow":["GET"]}}],"collection":[{"href":"https:\/\/lepetitblangy.fr\/index.php\/wp-json\/wp\/v2\/pages"}],"about":[{"href":"https:\/\/lepetitblangy.fr\/index.php\/wp-json\/wp\/v2\/types\/page"}],"author":[{"embeddable":true,"href":"https:\/\/lepetitblangy.fr\/index.php\/wp-json\/wp\/v2\/users\/1"}],"replies":[{"embeddable":true,"href":"https:\/\/lepetitblangy.fr\/index.php\/wp-json\/wp\/v2\/comments?post=215"}],"version-history":[{"count":9,"href":"https:\/\/lepetitblangy.fr\/index.php\/wp-json\/wp\/v2\/pages\/215\/revisions"}],"predecessor-version":[{"id":237,"href":"https:\/\/lepetitblangy.fr\/index.php\/wp-json\/wp\/v2\/pages\/215\/revisions\/237"}],"wp:attachment":[{"href":"https:\/\/lepetitblangy.fr\/index.php\/wp-json\/wp\/v2\/media?parent=215"}],"curies":[{"name":"wp","href":"https:\/\/api.w.org\/{rel}","templated":true}]}}